{"id":175,"date":"2021-03-04T10:46:29","date_gmt":"2021-03-04T09:46:29","guid":{"rendered":"https:\/\/diefluesterei.de\/?post_type=product&#038;p=175"},"modified":"2025-01-03T20:48:33","modified_gmt":"2025-01-03T19:48:33","slug":"cad-file-travel-didge-rundes-modell","status":"publish","type":"product","link":"https:\/\/diefluesterei.de\/en\/product\/cad-file-travel-didge-rundes-modell\/","title":{"rendered":"CAD-File Travel-Didge (rundes Modell)"},"content":{"rendered":"<p>Lieferung von Download-Produkten:<\/p>\n<p>F\u00fcr Download-Produkte (digitale Inhalte, die nicht auf einem k\u00f6rperlichen Datentr\u00e4ger geliefert werden) fallen keine Versandkosten an.<\/p>\n<p>Download-Produkte werden im Kundenaccount unter DOWNLOADS heruntergeladen.<br \/>\nDie Bereitstellung zum Download erfolgt innerhalb von 1 Stunden nach Vertragsschluss (bei vereinbarter Vorauszahlung nach dem Zeitpunkt Ihrer Zahlungsanweisung).<br \/>\n\u00dcber die Bereitstellung werden Sie auch per E-Mail informiert.<\/p>","protected":false},"excerpt":{"rendered":"<p>Travel-Didge-CAD-File<\/p>\n<p><b>Layer High: 0,1-0,25mm<\/b><\/p>\n<p><b>100% infill<\/b><\/p>\n<p><b>no Support<\/b><\/p>\n<p>Das CAD-Filie wird via Email nach der Bezahlung innerhalb 24 Stunden versendet.<\/p>","protected":false},"featured_media":176,"comment_status":"closed","ping_status":"closed","template":"","meta":{"site-sidebar-layout":"default","site-content-layout":"default","ast-site-content-layout":"default","site-content-style":"default","site-sidebar-style":"default","ast-global-header-display":"","ast-banner-title-visibility":"","ast-main-header-display":"","ast-hfb-above-header-display":"","ast-hfb-below-header-display":"","ast-hfb-mobile-header-display":"","site-post-title":"","ast-breadcrumbs-content":"","ast-featured-img":"","footer-sml-layout":"","theme-transparent-header-meta":"default","adv-header-id-meta":"","stick-header-meta":"","header-above-stick-meta":"","header-main-stick-meta":"","header-below-stick-meta":"","astra-migrate-meta-layouts":"set","ast-page-background-enabled":"default","ast-page-background-meta":{"desktop":{"background-color":"var(--ast-global-color-4)","background-image":"","background-repeat":"repeat","background-position":"center center","background-size":"auto","background-attachment":"scroll","background-type":"","background-media":"","overlay-type":"","overlay-color":"","overlay-opacity":"","overlay-gradient":""},"tablet":{"background-color":"","background-image":"","background-repeat":"repeat","background-position":"center center","background-size":"auto","background-attachment":"scroll","background-type":"","background-media":"","overlay-type":"","overlay-color":"","overlay-opacity":"","overlay-gradient":""},"mobile":{"background-color":"","background-image":"","background-repeat":"repeat","background-position":"center center","background-size":"auto","background-attachment":"scroll","background-type":"","background-media":"","overlay-type":"","overlay-color":"","overlay-opacity":"","overlay-gradient":""}},"ast-content-background-meta":{"desktop":{"background-color":"var(--ast-global-color-5)","background-image":"","background-repeat":"repeat","background-position":"center center","background-size":"auto","background-attachment":"scroll","background-type":"","background-media":"","overlay-type":"","overlay-color":"","overlay-opacity":"","overlay-gradient":""},"tablet":{"background-color":"var(--ast-global-color-5)","background-image":"","background-repeat":"repeat","background-position":"center center","background-size":"auto","background-attachment":"scroll","background-type":"","background-media":"","overlay-type":"","overlay-color":"","overlay-opacity":"","overlay-gradient":""},"mobile":{"background-color":"var(--ast-global-color-5)","background-image":"","background-repeat":"repeat","background-position":"center center","background-size":"auto","background-attachment":"scroll","background-type":"","background-media":"","overlay-type":"","overlay-color":"","overlay-opacity":"","overlay-gradient":""}}},"product_brand":[],"product_cat":[44],"product_tag":[],"class_list":{"0":"post-175","1":"product","2":"type-product","3":"status-publish","4":"has-post-thumbnail","6":"product_cat-cad-download","7":"desktop-align-left","8":"tablet-align-left","9":"mobile-align-left","11":"first","12":"instock","13":"downloadable","14":"virtual","15":"taxable","16":"purchasable","17":"product-type-simple"},"_links":{"self":[{"href":"https:\/\/diefluesterei.de\/en\/wp-json\/wp\/v2\/product\/175","targetHints":{"allow":["GET"]}}],"collection":[{"href":"https:\/\/diefluesterei.de\/en\/wp-json\/wp\/v2\/product"}],"about":[{"href":"https:\/\/diefluesterei.de\/en\/wp-json\/wp\/v2\/types\/product"}],"replies":[{"embeddable":true,"href":"https:\/\/diefluesterei.de\/en\/wp-json\/wp\/v2\/comments?post=175"}],"wp:featuredmedia":[{"embeddable":true,"href":"https:\/\/diefluesterei.de\/en\/wp-json\/wp\/v2\/media\/176"}],"wp:attachment":[{"href":"https:\/\/diefluesterei.de\/en\/wp-json\/wp\/v2\/media?parent=175"}],"wp:term":[{"taxonomy":"product_brand","embeddable":true,"href":"https:\/\/diefluesterei.de\/en\/wp-json\/wp\/v2\/product_brand?post=175"},{"taxonomy":"product_cat","embeddable":true,"href":"https:\/\/diefluesterei.de\/en\/wp-json\/wp\/v2\/product_cat?post=175"},{"taxonomy":"product_tag","embeddable":true,"href":"https:\/\/diefluesterei.de\/en\/wp-json\/wp\/v2\/product_tag?post=175"}],"curies":[{"name":"wp","href":"https:\/\/api.w.org\/{rel}","templated":true}]}}