{"id":14529,"date":"2025-03-28T12:27:42","date_gmt":"2025-03-28T11:27:42","guid":{"rendered":"https:\/\/diefluesterei.de\/?post_type=product&#038;p=14529"},"modified":"2026-04-18T12:14:34","modified_gmt":"2026-04-18T10:14:34","slug":"hotelzimmer-daemper-fuer-trompete-cornet-in-bb-c-eb","status":"publish","type":"product","link":"https:\/\/diefluesterei.de\/en\/product\/hotelzimmer-daemper-fuer-trompete-cornet-in-bb-c-eb\/","title":{"rendered":"Hotelzimmer-D\u00e4mper f\u00fcr Trompeten &#8211; Fl\u00fcgelhorn &#8211; Posaune"},"content":{"rendered":"<p><img fetchpriority=\"high\" decoding=\"async\" class=\"alignnone size-medium wp-image-14530\" src=\"https:\/\/diefluesterei.de\/wp-content\/uploads\/2025\/03\/IMG_0717-225x300.jpeg\" alt=\"\" width=\"225\" height=\"300\" srcset=\"https:\/\/diefluesterei.de\/wp-content\/uploads\/2025\/03\/IMG_0717-225x300.jpeg 225w, https:\/\/diefluesterei.de\/wp-content\/uploads\/2025\/03\/IMG_0717-scaled-600x800.jpeg 600w, https:\/\/diefluesterei.de\/wp-content\/uploads\/2025\/03\/IMG_0717-768x1024.jpeg 768w, https:\/\/diefluesterei.de\/wp-content\/uploads\/2025\/03\/IMG_0717-1152x1536.jpeg 1152w, https:\/\/diefluesterei.de\/wp-content\/uploads\/2025\/03\/IMG_0717-1536x2048.jpeg 1536w, https:\/\/diefluesterei.de\/wp-content\/uploads\/2025\/03\/IMG_0717-9x12.jpeg 9w, https:\/\/diefluesterei.de\/wp-content\/uploads\/2025\/03\/IMG_0717-scaled.jpeg 1920w\" sizes=\"(max-width: 225px) 100vw, 225px\" \/><\/p>\n<p>Der Hotelzimmer-D\u00e4mpfer ist nur bei ausgew\u00e4hlten Fachh\u00e4ndlern zu erhalten, u.a. bei<\/p>\n<p><a href=\"https:\/\/www.blaswerkhaagshop.ch\" target=\"_blank\" rel=\"noopener\"><strong>BLASWERK<\/strong><\/a> Weinfelden (CH)<br \/>\n<strong><a href=\"https:\/\/www.blechin.de\" target=\"_blank\" rel=\"noopener\">Blech in N\u00fcrnberg<\/a><\/strong> N\u00fcrnberg (D)<br \/>\n<strong><a href=\"https:\/\/www.reisser-musik.de\">reisser musik<\/a> <\/strong>Ulm (D)<\/p>\n<p>&nbsp;<\/p>\n<h2><a href=\"https:\/\/youtube.com\/shorts\/AaDYRDqClwE?si=7Q8hFKQ9aM9OsGHf\" target=\"_blank\" rel=\"noopener\"><strong>BIG SURPRISE <\/strong><\/a><\/h2>\n<p><a href=\"https:\/\/diefluesterei.de\/en\/product-category\/cad-download\/\" target=\"_blank\" rel=\"noopener\">Hier gibt es den Hotelzimmer-D\u00e4mpfer (NUR Trp Bb-Mute)\u00a0<\/a> als .stl-Datei f\u00fcr den 3D-Drucker f\u00fcr 9,90 Euro !!<\/p>\n<p>&nbsp;<\/p>\n<h2><strong>Endorser<\/strong><\/h2>\n<p><strong><a href=\"https:\/\/youtu.be\/Ef9TQfPormg\" target=\"_blank\" rel=\"noopener\">Lucas Tiefenthaler (CH) <\/a><\/strong><b>Antwerp Symphony Orchestra <\/b>Principal Trombone<span class=\"Apple-converted-space\">\u00a0<\/span><\/p>\n<p><strong><a href=\"https:\/\/youtube.com\/shorts\/P3PdObTJ7r4?si=Smvq608MZav-1VNa\" target=\"_blank\" rel=\"noopener\">Axel Schlosser (D)<\/a><\/strong> <strong>HR Radio Big Band Frankfurt<\/strong><\/p>\n<p><a href=\"https:\/\/youtube.com\/shorts\/Wl7OhAA9iXU?si=Kjhe3oyZEdLSK8my\"><strong>Martin Auer (D)<\/strong><\/a> <strong>HR Radio Big Band Frankfurt<\/strong><\/p>\n<p><strong><a href=\"https:\/\/youtube.com\/shorts\/BGSxqAmFZbk?feature=share\" target=\"_blank\" rel=\"noopener\">Daniel Kloos (D)<\/a> Brass Band Oberschwaben-Allg\u00e4u <\/strong>Soprano Cornet<\/p>\n<p><strong><a href=\"https:\/\/youtube.com\/shorts\/HJ4WQ9rTetI?feature=share\" target=\"_blank\" rel=\"noopener\">Michael T. Otto (D)<\/a><\/strong> <strong>BoP &#8211; Stubenjazz &#8211; BODAN ART ORCHESTRA<\/strong><\/p>","protected":false},"excerpt":{"rendered":"<p>&#8211; sehr angenehmes Spielgef\u00fchl und realit\u00e4tsidentische Intonation<\/p>\n<p>&#8211; innovativer Resonanztaler<\/p>\n<p>&#8211; Material: carbonverst\u00e4rkter Kunststoff mit Neopren-Band<\/p>\n<p>&#8211; Zubeh\u00f6r (NUR beim Bb-Trp Hotelzimmer-D\u00e4mpfer: Mundst\u00fcckd\u00e4mpfer-Adapter (inkl. Kornettschaft-Adapter)<\/p>\n<p>&#8211; au\u00dfergew\u00f6hnliches Design<\/p>\n<p>&#8211; Made in Germany und Switzerland<\/p>","protected":false},"featured_media":14534,"comment_status":"closed","ping_status":"closed","template":"","meta":{"site-sidebar-layout":"default","site-content-layout":"","ast-site-content-layout":"default","site-content-style":"default","site-sidebar-style":"default","ast-global-header-display":"","ast-banner-title-visibility":"","ast-main-header-display":"","ast-hfb-above-header-display":"","ast-hfb-below-header-display":"","ast-hfb-mobile-header-display":"","site-post-title":"","ast-breadcrumbs-content":"","ast-featured-img":"","footer-sml-layout":"","theme-transparent-header-meta":"default","adv-header-id-meta":"","stick-header-meta":"","header-above-stick-meta":"","header-main-stick-meta":"","header-below-stick-meta":"","astra-migrate-meta-layouts":"set","ast-page-background-enabled":"default","ast-page-background-meta":{"desktop":{"background-color":"var(--ast-global-color-4)","background-image":"","background-repeat":"repeat","background-position":"center center","background-size":"auto","background-attachment":"scroll","background-type":"","background-media":"","overlay-type":"","overlay-color":"","overlay-opacity":"","overlay-gradient":""},"tablet":{"background-color":"","background-image":"","background-repeat":"repeat","background-position":"center center","background-size":"auto","background-attachment":"scroll","background-type":"","background-media":"","overlay-type":"","overlay-color":"","overlay-opacity":"","overlay-gradient":""},"mobile":{"background-color":"","background-image":"","background-repeat":"repeat","background-position":"center center","background-size":"auto","background-attachment":"scroll","background-type":"","background-media":"","overlay-type":"","overlay-color":"","overlay-opacity":"","overlay-gradient":""}},"ast-content-background-meta":{"desktop":{"background-color":"var(--ast-global-color-5)","background-image":"","background-repeat":"repeat","background-position":"center center","background-size":"auto","background-attachment":"scroll","background-type":"","background-media":"","overlay-type":"","overlay-color":"","overlay-opacity":"","overlay-gradient":""},"tablet":{"background-color":"var(--ast-global-color-5)","background-image":"","background-repeat":"repeat","background-position":"center center","background-size":"auto","background-attachment":"scroll","background-type":"","background-media":"","overlay-type":"","overlay-color":"","overlay-opacity":"","overlay-gradient":""},"mobile":{"background-color":"var(--ast-global-color-5)","background-image":"","background-repeat":"repeat","background-position":"center center","background-size":"auto","background-attachment":"scroll","background-type":"","background-media":"","overlay-type":"","overlay-color":"","overlay-opacity":"","overlay-gradient":""}}},"product_brand":[],"product_cat":[330],"product_tag":[],"class_list":{"0":"post-14529","1":"product","2":"type-product","3":"status-publish","4":"has-post-thumbnail","6":"product_cat-hotelzimmer-daempfer","7":"desktop-align-left","8":"tablet-align-left","9":"mobile-align-left","11":"first","12":"instock","13":"taxable","14":"shipping-taxable","15":"product-type-simple"},"_links":{"self":[{"href":"https:\/\/diefluesterei.de\/en\/wp-json\/wp\/v2\/product\/14529","targetHints":{"allow":["GET"]}}],"collection":[{"href":"https:\/\/diefluesterei.de\/en\/wp-json\/wp\/v2\/product"}],"about":[{"href":"https:\/\/diefluesterei.de\/en\/wp-json\/wp\/v2\/types\/product"}],"replies":[{"embeddable":true,"href":"https:\/\/diefluesterei.de\/en\/wp-json\/wp\/v2\/comments?post=14529"}],"wp:featuredmedia":[{"embeddable":true,"href":"https:\/\/diefluesterei.de\/en\/wp-json\/wp\/v2\/media\/14534"}],"wp:attachment":[{"href":"https:\/\/diefluesterei.de\/en\/wp-json\/wp\/v2\/media?parent=14529"}],"wp:term":[{"taxonomy":"product_brand","embeddable":true,"href":"https:\/\/diefluesterei.de\/en\/wp-json\/wp\/v2\/product_brand?post=14529"},{"taxonomy":"product_cat","embeddable":true,"href":"https:\/\/diefluesterei.de\/en\/wp-json\/wp\/v2\/product_cat?post=14529"},{"taxonomy":"product_tag","embeddable":true,"href":"https:\/\/diefluesterei.de\/en\/wp-json\/wp\/v2\/product_tag?post=14529"}],"curies":[{"name":"wp","href":"https:\/\/api.w.org\/{rel}","templated":true}]}}