{"id":205,"date":"2021-03-22T18:05:32","date_gmt":"2021-03-22T17:05:32","guid":{"rendered":"https:\/\/diefluesterei.de\/?page_id=205"},"modified":"2025-01-16T18:40:41","modified_gmt":"2025-01-16T17:40:41","slug":"zahlung-und-versand","status":"publish","type":"page","link":"https:\/\/diefluesterei.de\/en\/zahlung-und-versand\/","title":{"rendered":"Payment and Shipping"},"content":{"rendered":"<p>Es gelten folgende Bedingungen:<\/p>\n\n\n\n<h3 class=\"wp-block-heading\">Versandbedingungen<\/h3>\n\n\n\n<p>Die Lieferung der Ware erfolgt weltweit.<\/p>\n\n\n\n<h3 class=\"wp-block-heading\">shipping costs <\/h3>\n\n\n\n<p><strong>Lieferungen im Inland <\/strong>(Deutschland):&nbsp;<\/p>\n\n\n\n<p>Wir berechnen die Versandkosten pauschal mit 9,40 \u20ac pro Bestellung.<\/p>\n\n\n\n<p><\/p>\n\n\n\n<p><strong>Lieferungen ins Ausland<\/strong><\/p>\n\n\n\n<p>\u00d6sterreich und Rest-EU<br>11,90 \u20ac<\/p>\n\n\n\n<p>Weltweit<br>18,90 \u20ac<\/p>\n\n\n\n<p>Sollte aus technischen oder logistischen Gr\u00fcnden eine Versendung in mehreren Etappen erfolgen, berechnen wir die Versandkostenbeteiligung nat\u00fcrlich nur einmal.<\/p>\n\n\n\n<p>Wenn Dein Versandland nicht dabei ist, dann melde Dich doch gerne per Mail unter <a href=\"mailto:mto@whisper-penny.de\">mto@whisper-penny.de<\/a> f\u00fcr mehr Informationen.<br>Your destination is not listed? Please contact us via mail <a href=\"mailto:mto@whisper-penny.de\">mto@whisper-penny.de<\/a> for more information<\/p>\n\n\n\n<h3 class=\"wp-block-heading\">Lieferung von Download-Produkten<\/h3>\n\n\n\n<p>F\u00fcr Download-Produkte (digitale Inhalte, die nicht auf einem k\u00f6rperlichen Datentr\u00e4ger geliefert werden) fallen keine Versandkosten an.<\/p>\n\n\n\n<p>Download-Produkte k\u00f6nnen Sie in Ihrem Kundenaccount herunterladen.<br>Die Bereitstellung zum Download erfolgt innerhalb von 1 Stunden nach Vertragsschluss (bei vereinbarter Vorauszahlung nach dem Zeitpunkt Ihrer Zahlungsanweisung).<br>\u00dcber die Bereitstellung werden Sie auch per E-Mail informiert.<\/p>\n\n\n\n<h2 class=\"wp-block-heading\">Lieferfristen<\/h2>\n\n\n\n<p>Soweit im jeweiligen Angebot keine andere Frist angegeben ist, erfolgt die Lieferung der Ware im Inland (Deutschland) innerhalb von 5-8 Tagen, bei Auslandslieferungen innerhalb von 5-10 Tagen nach Vertragsschluss (bei vereinbarter Vorauszahlung nach dem Zeitpunkt Ihrer Zahlungsanweisung).<br>Beachten Sie, dass an Sonn- und Feiertagen keine Zustellung erfolgt.<br>Haben Sie Artikel mit unterschiedlichen Lieferzeiten bestellt, versenden wir die Ware in einer gemeinsamen Sendung, sofern wir keine abweichenden Vereinbarungen mit Ihnen getroffen haben.<\/p>\n\n\n\n<p>Akzeptierte Zahlungsm\u00f6glichkeiten<\/p>\n\n\n\n<p><br>&#8211;\u00a0 Zahlung per PayPal\u00a0<br>&#8211;\u00a0 Zahlung per PayPal (Kreditkarte, Lastschrift)<br><\/p>\n\n\n\n<p><strong>Weitere Einzelheiten zur Zahlung<\/strong><\/p>\n\n\n\n<p>Bei Zahlung per Kreditkarte erfolgt die Belastung Ihres Kreditkartenkontos mit Vertragsschluss.<\/p>\n\n\n\n<p>Bei Fragen finden Sie unsere Kontaktdaten im <a href=\"https:\/\/diefluesterei.de\/en\/impressum\/\" data-type=\"URL\">Imprint<\/a>.<\/p>\n\n\n<div style=\"overflow:hidden;height:1px;\">\n<p>Rappelons que la situation des deux h\u00e9ros s&#8217;est d\u00e9velopp\u00e9e quelque peu inhabituelle. Missandeye a \u00e9t\u00e9 vol\u00e9e dans l&#8217;enfance et vendu \u00e0 l&#8217;esclavage, et le ver gris est <a href=\"https:\/\/frpharmacie24.com\/acheter-cialis-generique-sans-ordonnance-online\/\">cliquez ici<\/a> commandant des guerriers impeccables et eunuques d&#8217;Astapor, qui ne connaissent pas \u00e9gal au combat.<\/p>\n<\/div>","protected":false},"excerpt":{"rendered":"<p>Es gelten folgende Bedingungen: Versandbedingungen Die Lieferung der Ware erfolgt weltweit. Versandkosten Lieferungen im Inland (Deutschland):&nbsp; Wir berechnen die Versandkosten pauschal mit 9,40 \u20ac pro Bestellung. Lieferungen ins Ausland \u00d6sterreich und Rest-EU11,90 \u20ac Weltweit18,90 \u20ac Sollte aus technischen oder logistischen Gr\u00fcnden eine Versendung in mehreren Etappen erfolgen, berechnen wir die Versandkostenbeteiligung nat\u00fcrlich nur einmal. Wenn [&hellip;]<\/p>","protected":false},"author":1,"featured_media":0,"parent":0,"menu_order":0,"comment_status":"closed","ping_status":"closed","template":"","meta":{"site-sidebar-layout":"default","site-content-layout":"","ast-site-content-layout":"default","site-content-style":"default","site-sidebar-style":"default","ast-global-header-display":"","ast-banner-title-visibility":"","ast-main-header-display":"","ast-hfb-above-header-display":"","ast-hfb-below-header-display":"","ast-hfb-mobile-header-display":"","site-post-title":"","ast-breadcrumbs-content":"","ast-featured-img":"","footer-sml-layout":"","theme-transparent-header-meta":"","adv-header-id-meta":"","stick-header-meta":"","header-above-stick-meta":"","header-main-stick-meta":"","header-below-stick-meta":"","astra-migrate-meta-layouts":"set","ast-page-background-enabled":"default","ast-page-background-meta":{"desktop":{"background-color":"var(--ast-global-color-4)","background-image":"","background-repeat":"repeat","background-position":"center center","background-size":"auto","background-attachment":"scroll","background-type":"","background-media":"","overlay-type":"","overlay-color":"","overlay-opacity":"","overlay-gradient":""},"tablet":{"background-color":"","background-image":"","background-repeat":"repeat","background-position":"center center","background-size":"auto","background-attachment":"scroll","background-type":"","background-media":"","overlay-type":"","overlay-color":"","overlay-opacity":"","overlay-gradient":""},"mobile":{"background-color":"","background-image":"","background-repeat":"repeat","background-position":"center center","background-size":"auto","background-attachment":"scroll","background-type":"","background-media":"","overlay-type":"","overlay-color":"","overlay-opacity":"","overlay-gradient":""}},"ast-content-background-meta":{"desktop":{"background-color":"var(--ast-global-color-5)","background-image":"","background-repeat":"repeat","background-position":"center center","background-size":"auto","background-attachment":"scroll","background-type":"","background-media":"","overlay-type":"","overlay-color":"","overlay-opacity":"","overlay-gradient":""},"tablet":{"background-color":"var(--ast-global-color-5)","background-image":"","background-repeat":"repeat","background-position":"center center","background-size":"auto","background-attachment":"scroll","background-type":"","background-media":"","overlay-type":"","overlay-color":"","overlay-opacity":"","overlay-gradient":""},"mobile":{"background-color":"var(--ast-global-color-5)","background-image":"","background-repeat":"repeat","background-position":"center center","background-size":"auto","background-attachment":"scroll","background-type":"","background-media":"","overlay-type":"","overlay-color":"","overlay-opacity":"","overlay-gradient":""}},"footnotes":""},"class_list":["post-205","page","type-page","status-publish","hentry"],"_links":{"self":[{"href":"https:\/\/diefluesterei.de\/en\/wp-json\/wp\/v2\/pages\/205","targetHints":{"allow":["GET"]}}],"collection":[{"href":"https:\/\/diefluesterei.de\/en\/wp-json\/wp\/v2\/pages"}],"about":[{"href":"https:\/\/diefluesterei.de\/en\/wp-json\/wp\/v2\/types\/page"}],"author":[{"embeddable":true,"href":"https:\/\/diefluesterei.de\/en\/wp-json\/wp\/v2\/users\/1"}],"replies":[{"embeddable":true,"href":"https:\/\/diefluesterei.de\/en\/wp-json\/wp\/v2\/comments?post=205"}],"version-history":[{"count":0,"href":"https:\/\/diefluesterei.de\/en\/wp-json\/wp\/v2\/pages\/205\/revisions"}],"wp:attachment":[{"href":"https:\/\/diefluesterei.de\/en\/wp-json\/wp\/v2\/media?parent=205"}],"curies":[{"name":"wp","href":"https:\/\/api.w.org\/{rel}","templated":true}]}}